{"id":1395,"date":"2017-06-22T10:02:53","date_gmt":"2017-06-22T10:02:53","guid":{"rendered":"http:\/\/europhoneatm.com\/?page_id=2"},"modified":"2024-03-03T22:26:40","modified_gmt":"2024-03-03T22:26:40","slug":"bateria-virtual","status":"publish","type":"page","link":"http:\/\/www.mtenergia.es\/index.php\/bateria-virtual\/","title":{"rendered":"BATERIA VIRTUAL"},"content":{"rendered":"<p>[et_pb_section fb_built=\u00bb1&#8243; admin_label=\u00bbsection\u00bb _builder_version=\u00bb4.20.4&#8243; background_enable_image=\u00bboff\u00bb parallax=\u00bbon\u00bb background_video_mp4=\u00bbhttp:\/\/www.mtenergia.es\/wp-content\/uploads\/2023\/04\/solar-39991.mp4&#8243; global_colors_info=\u00bb{}\u00bb][et_pb_row admin_label=\u00bbrow\u00bb _builder_version=\u00bb4.16&#8243; background_size=\u00bbinitial\u00bb background_position=\u00bbtop_left\u00bb background_repeat=\u00bbrepeat\u00bb global_colors_info=\u00bb{}\u00bb][et_pb_column type=\u00bb4_4&#8243; _builder_version=\u00bb4.16&#8243; custom_padding=\u00bb|||\u00bb global_colors_info=\u00bb{}\u00bb custom_padding__hover=\u00bb|||\u00bb][et_pb_divider show_divider=\u00bboff\u00bb disabled_on=\u00bbon|on|\u00bb _builder_version=\u00bb4.16&#8243; height=\u00bb100px\u00bb locked=\u00bboff\u00bb global_colors_info=\u00bb{}\u00bb][\/et_pb_divider][et_pb_text _builder_version=\u00bb4.20.4&#8243; text_font_size=\u00bb50&#8243; header_font=\u00bb||||||||\u00bb header_text_align=\u00bbcenter\u00bb header_letter_spacing=\u00bb1px\u00bb header_line_height=\u00bb1.1em\u00bb background_size=\u00bbinitial\u00bb background_position=\u00bbtop_left\u00bb background_repeat=\u00bbrepeat\u00bb text_orientation=\u00bbcenter\u00bb background_layout=\u00bbdark\u00bb module_alignment=\u00bbcenter\u00bb custom_padding=\u00bb100px||100px|\u00bb hover_enabled=\u00bb0&#8243; global_colors_info=\u00bb{}\u00bb sticky_enabled=\u00bb0&#8243;]<\/p>\n<p><strong>BATERIA VIRTUAL<\/strong><\/p>\n<p>[\/et_pb_text][et_pb_divider show_divider=\u00bboff\u00bb disabled_on=\u00bbon|on|\u00bb _builder_version=\u00bb4.16&#8243; height=\u00bb100px\u00bb global_colors_info=\u00bb{}\u00bb][\/et_pb_divider][\/et_pb_column][\/et_pb_row][\/et_pb_section][et_pb_section fb_built=\u00bb1&#8243; _builder_version=\u00bb4.16&#8243; global_colors_info=\u00bb{}\u00bb][et_pb_row _builder_version=\u00bb4.16&#8243; background_size=\u00bbinitial\u00bb background_position=\u00bbtop_left\u00bb background_repeat=\u00bbrepeat\u00bb global_colors_info=\u00bb{}\u00bb][et_pb_column type=\u00bb4_4&#8243; _builder_version=\u00bb4.16&#8243; custom_padding=\u00bb|||\u00bb global_colors_info=\u00bb{}\u00bb custom_padding__hover=\u00bb|||\u00bb][et_pb_text _builder_version=\u00bb4.20.4&#8243; text_font_size=\u00bb20&#8243; header_font=\u00bb||||||||\u00bb header_4_font=\u00bb||||||||\u00bb header_4_text_align=\u00bbcenter\u00bb header_5_font=\u00bb||||||||\u00bb header_5_text_align=\u00bbcenter\u00bb background_size=\u00bbinitial\u00bb background_position=\u00bbtop_left\u00bb background_repeat=\u00bbrepeat\u00bb text_orientation=\u00bbcenter\u00bb module_alignment=\u00bbcenter\u00bb custom_margin=\u00bb-22px||\u00bb custom_padding=\u00bb44px|55px|0px|15px||false\u00bb global_colors_info=\u00bb{}\u00bb]<\/p>\n<h1 style=\"padding-left: 30px; text-align: center;\">Contrata una de nuestras Baterias Virtuales y empieza a ahorrar.<\/h1>\n<p>[\/et_pb_text][\/et_pb_column][\/et_pb_row][\/et_pb_section][et_pb_section fb_built=\u00bb1&#8243; disabled_on=\u00bbon|on|on\u00bb _builder_version=\u00bb4.16&#8243; background_color=\u00bb#6b6b6b\u00bb background_image=\u00bbhttp:\/\/europhoneatm.com\/wp-content\/uploads\/2017\/06\/europhone-telecomunicaciones-03.jpg\u00bb disabled=\u00bbon\u00bb global_colors_info=\u00bb{}\u00bb][et_pb_row _builder_version=\u00bb4.16&#8243; background_size=\u00bbinitial\u00bb background_position=\u00bbtop_left\u00bb background_repeat=\u00bbrepeat\u00bb custom_padding=\u00bb0px||0px|\u00bb global_colors_info=\u00bb{}\u00bb][et_pb_column type=\u00bb4_4&#8243; _builder_version=\u00bb4.16&#8243; background_position=\u00bbtop_left\u00bb custom_padding=\u00bb|||\u00bb global_colors_info=\u00bb{}\u00bb custom_padding__hover=\u00bb|||\u00bb][et_pb_text admin_label=\u00bbCOMPROMETIDOS CON NUESTROS CLIENTES\u00bb _builder_version=\u00bb4.16&#8243; text_font=\u00bbSource Sans Pro|on|||\u00bb text_text_color=\u00bb#8aced7&#8243; text_font_size=\u00bb50&#8243; text_line_height=\u00bb1.8em\u00bb text_orientation=\u00bbcenter\u00bb module_alignment=\u00bbcenter\u00bb custom_margin=\u00bb0px||0px|\u00bb custom_padding=\u00bb0px||0px|\u00bb text_font_size_tablet=\u00bb40&#8243; text_font_size_phone=\u00bb30&#8243; text_font_size_last_edited=\u00bbon|phone\u00bb global_colors_info=\u00bb{}\u00bb]<\/p>\n<p>EMPIEZA A GENERAR TU PROPIA ENERGIA<\/p>\n<p>[\/et_pb_text][et_pb_text admin_label=\u00bbBasado en un modelo de solidez, estabilidad y calidad\u00bb _builder_version=\u00bb4.20.4&#8243; text_font=\u00bbSource Sans Pro|on|||\u00bb text_text_color=\u00bb#8aced7&#8243; text_font_size=\u00bb35&#8243; text_orientation=\u00bbcenter\u00bb module_alignment=\u00bbcenter\u00bb custom_margin=\u00bb0px||0px|\u00bb custom_padding=\u00bb0px||0px|\u00bb text_font_size_tablet=\u00bb30&#8243; text_font_size_phone=\u00bb25&#8243; text_font_size_last_edited=\u00bbon|phone\u00bb global_colors_info=\u00bb{}\u00bb]<\/p>\n<p>BATERIA VIRTUAL, UNA MODALIDAD PARA CONSEGUIR EL COSTE 0\u20ac<\/p>\n<p>[\/et_pb_text][\/et_pb_column][\/et_pb_row][et_pb_row column_structure=\u00bb1_4,1_4,1_4,1_4&#8243; _builder_version=\u00bb4.16&#8243; background_size=\u00bbinitial\u00bb background_position=\u00bbtop_left\u00bb background_repeat=\u00bbrepeat\u00bb custom_margin=\u00bb|auto|8px|auto||\u00bb global_colors_info=\u00bb{}\u00bb][et_pb_column type=\u00bb1_4&#8243; _builder_version=\u00bb4.16&#8243; custom_padding=\u00bb|||\u00bb global_colors_info=\u00bb{}\u00bb custom_padding__hover=\u00bb|||\u00bb][et_pb_blurb title=\u00bbAlumbra Energ\u00eda\u00bb use_icon=\u00bbon\u00bb font_icon=\u00bb&#x52;||divi||400&#8243; icon_color=\u00bb#8aced7&#8243; image_icon_width=\u00bb35px\u00bb admin_label=\u00bbPlantilla estable y experta\u00bb _builder_version=\u00bb4.20.4&#8243; header_text_color=\u00bb#8aced7&#8243; header_font_size=\u00bb20&#8243; background_size=\u00bbinitial\u00bb background_position=\u00bbtop_left\u00bb background_repeat=\u00bbrepeat\u00bb text_orientation=\u00bbcenter\u00bb icon_font_size=\u00bb35px\u00bb global_colors_info=\u00bb{}\u00bb][\/et_pb_blurb][\/et_pb_column][et_pb_column type=\u00bb1_4&#8243; _builder_version=\u00bb4.16&#8243; custom_padding=\u00bb|||\u00bb global_colors_info=\u00bb{}\u00bb custom_padding__hover=\u00bb|||\u00bb][et_pb_blurb title=\u00bbIgnis\u00bb use_icon=\u00bbon\u00bb font_icon=\u00bb&#x52;||divi||400&#8243; icon_color=\u00bb#8aced7&#8243; image_icon_width=\u00bb35px\u00bb admin_label=\u00bbMejora continua de la calidad\u00bb _builder_version=\u00bb4.20.4&#8243; header_text_color=\u00bb#8aced7&#8243; header_font_size=\u00bb20&#8243; background_size=\u00bbinitial\u00bb background_position=\u00bbtop_left\u00bb background_repeat=\u00bbrepeat\u00bb text_orientation=\u00bbcenter\u00bb icon_font_size=\u00bb35px\u00bb global_colors_info=\u00bb{}\u00bb][\/et_pb_blurb][\/et_pb_column][et_pb_column type=\u00bb1_4&#8243; _builder_version=\u00bb4.16&#8243; custom_padding=\u00bb|||\u00bb global_colors_info=\u00bb{}\u00bb custom_padding__hover=\u00bb|||\u00bb][et_pb_blurb title=\u00bbCambio Energ\u00e9tico\u00bb use_icon=\u00bbon\u00bb font_icon=\u00bb&#x52;||divi||400&#8243; icon_color=\u00bb#8aced7&#8243; image_icon_width=\u00bb35px\u00bb admin_label=\u00bbConocimientos so\u0301lidos y experiencia\u00bb _builder_version=\u00bb4.20.4&#8243; header_text_color=\u00bb#8aced7&#8243; header_font_size=\u00bb20&#8243; background_size=\u00bbinitial\u00bb background_position=\u00bbtop_left\u00bb background_repeat=\u00bbrepeat\u00bb text_orientation=\u00bbcenter\u00bb icon_font_size=\u00bb35px\u00bb global_colors_info=\u00bb{}\u00bb][\/et_pb_blurb][\/et_pb_column][et_pb_column type=\u00bb1_4&#8243; _builder_version=\u00bb4.16&#8243; custom_padding=\u00bb|||\u00bb global_colors_info=\u00bb{}\u00bb custom_padding__hover=\u00bb|||\u00bb][et_pb_blurb title=\u00bbPr\u00f3xima Energ\u00eda\u00bb use_icon=\u00bbon\u00bb font_icon=\u00bb&#x52;||divi||400&#8243; icon_color=\u00bb#8aced7&#8243; image_icon_width=\u00bb35px\u00bb admin_label=\u00bbExcelentes tiempos de respuesta\u00bb _builder_version=\u00bb4.20.4&#8243; header_text_color=\u00bb#8aced7&#8243; header_font_size=\u00bb20&#8243; background_size=\u00bbinitial\u00bb background_position=\u00bbtop_left\u00bb background_repeat=\u00bbrepeat\u00bb text_orientation=\u00bbcenter\u00bb icon_font_size=\u00bb35px\u00bb global_colors_info=\u00bb{}\u00bb][\/et_pb_blurb][\/et_pb_column][\/et_pb_row][\/et_pb_section][et_pb_section fb_built=\u00bb1&#8243; _builder_version=\u00bb4.20.4&#8243; background_image=\u00bbhttp:\/\/www.mtenergia.es\/wp-content\/uploads\/2023\/04\/renewable-2232160_1280.jpg\u00bb parallax=\u00bbon\u00bb custom_padding=\u00bb26.9688px|0px|144px|0px\u00bb global_colors_info=\u00bb{}\u00bb][et_pb_row column_structure=\u00bb1_4,1_4,1_4,1_4&#8243; make_equal=\u00bbon\u00bb _builder_version=\u00bb4.16&#8243; background_size=\u00bbinitial\u00bb background_position=\u00bbtop_left\u00bb background_repeat=\u00bbrepeat\u00bb min_height=\u00bb361.3px\u00bb global_colors_info=\u00bb{}\u00bb][et_pb_column type=\u00bb1_4&#8243; _builder_version=\u00bb4.16&#8243; custom_padding=\u00bb|||\u00bb global_colors_info=\u00bb{}\u00bb custom_padding__hover=\u00bb|||\u00bb][et_pb_blurb title=\u00bbBATERIA VIRTUAL\u00bb url=\u00bbhttp:\/\/europhoneatm.com\/es\/telecomunicaciones\u00bb use_icon=\u00bbon\u00bb font_icon=\u00bb&#xe00a;||divi||400&#8243; icon_color=\u00bb#ff6843&#8243; image_icon_width=\u00bb50px\u00bb admin_label=\u00bbTelecomunicaciones\u00bb _builder_version=\u00bb4.20.4&#8243; header_text_color=\u00bb#ff6843&#8243; header_font_size=\u00bb20&#8243; body_font_size=\u00bb18&#8243; background_color=\u00bb#FFFFFF\u00bb background_size=\u00bbinitial\u00bb background_position=\u00bbtop_left\u00bb background_repeat=\u00bbrepeat\u00bb text_orientation=\u00bbcenter\u00bb icon_font_size=\u00bb50px\u00bb global_colors_info=\u00bb{}\u00bb]<\/p>\n<p>PROXIMA ENERG\u00cdA<\/p>\n<p>[\/et_pb_blurb][\/et_pb_column][et_pb_column type=\u00bb1_4&#8243; _builder_version=\u00bb4.16&#8243; custom_padding=\u00bb|||\u00bb global_colors_info=\u00bb{}\u00bb custom_padding__hover=\u00bb|||\u00bb][et_pb_blurb title=\u00bbBATERIA VIRTUAL\u00bb url=\u00bbhttp:\/\/europhoneatm.com\/es\/telecomunicaciones\u00bb use_icon=\u00bbon\u00bb font_icon=\u00bb&#xe00a;||divi||400&#8243; icon_color=\u00bb#ff6843&#8243; image_icon_width=\u00bb50px\u00bb admin_label=\u00bbTelecomunicaciones\u00bb _builder_version=\u00bb4.20.4&#8243; header_text_color=\u00bb#ff6843&#8243; header_font_size=\u00bb20&#8243; body_font_size=\u00bb18&#8243; background_color=\u00bb#FFFFFF\u00bb background_size=\u00bbinitial\u00bb background_position=\u00bbtop_left\u00bb background_repeat=\u00bbrepeat\u00bb text_orientation=\u00bbcenter\u00bb icon_font_size=\u00bb50px\u00bb global_colors_info=\u00bb{}\u00bb]<\/p>\n<p>IGNIS<\/p>\n<p>[\/et_pb_blurb][\/et_pb_column][et_pb_column type=\u00bb1_4&#8243; _builder_version=\u00bb4.16&#8243; custom_padding=\u00bb|||\u00bb global_colors_info=\u00bb{}\u00bb custom_padding__hover=\u00bb|||\u00bb][et_pb_blurb title=\u00bbBATERIA VIRTUAL\u00bb url=\u00bbhttp:\/\/europhoneatm.com\/es\/servicios-informaticos\u00bb use_icon=\u00bbon\u00bb font_icon=\u00bb&#xe00a;||divi||400&#8243; icon_color=\u00bb#ff6843&#8243; image_icon_width=\u00bb50px\u00bb admin_label=\u00bbServicios Informa\u0301ticos\u00bb _builder_version=\u00bb4.20.4&#8243; header_text_color=\u00bb#ff6843&#8243; header_font_size=\u00bb20&#8243; body_font_size=\u00bb18&#8243; background_color=\u00bb#FFFFFF\u00bb background_size=\u00bbinitial\u00bb background_position=\u00bbtop_left\u00bb background_repeat=\u00bbrepeat\u00bb text_orientation=\u00bbcenter\u00bb icon_font_size=\u00bb50px\u00bb global_colors_info=\u00bb{}\u00bb]<\/p>\n<p>ALUMBRA ENERGIA<\/p>\n<p>[\/et_pb_blurb][\/et_pb_column][et_pb_column type=\u00bb1_4&#8243; _builder_version=\u00bb4.16&#8243; custom_padding=\u00bb|||\u00bb global_colors_info=\u00bb{}\u00bb custom_padding__hover=\u00bb|||\u00bb][et_pb_blurb title=\u00bbBATERIA VIRTUAL\u00bb use_icon=\u00bbon\u00bb font_icon=\u00bb&#xe00a;||divi||400&#8243; icon_color=\u00bb#ff6843&#8243; image_icon_width=\u00bb50px\u00bb admin_label=\u00bbEficiencia Energe\u0301tica\u00bb _builder_version=\u00bb4.20.4&#8243; header_text_color=\u00bb#ff6843&#8243; header_font_size=\u00bb20&#8243; body_font_size=\u00bb18&#8243; background_color=\u00bb#FFFFFF\u00bb background_size=\u00bbinitial\u00bb background_position=\u00bbtop_left\u00bb background_repeat=\u00bbrepeat\u00bb text_orientation=\u00bbcenter\u00bb icon_font_size=\u00bb50px\u00bb global_colors_info=\u00bb{}\u00bb]<\/p>\n<p>CAMBIO ENERG\u00c9TICO<\/p>\n<p>[\/et_pb_blurb][\/et_pb_column][\/et_pb_row][et_pb_row _builder_version=\u00bb4.20.4&#8243; background_size=\u00bbinitial\u00bb background_position=\u00bbtop_left\u00bb background_repeat=\u00bbrepeat\u00bb custom_padding=\u00bb|0px||||\u00bb global_colors_info=\u00bb{}\u00bb][et_pb_column type=\u00bb4_4&#8243; _builder_version=\u00bb4.16&#8243; custom_padding=\u00bb|||\u00bb global_colors_info=\u00bb{}\u00bb custom_padding__hover=\u00bb|||\u00bb][et_pb_text disabled_on=\u00bbon||off\u00bb _builder_version=\u00bb4.20.4&#8243; global_colors_info=\u00bb{}\u00bb]<\/p>\n<h3><span style=\"color: #ffffff;\"><strong>El objeto de las denominadas como bater\u00eda virtual no es otro que deducir de tu factura el\u00e9ctrica los excedentes generados por fotovoltaica. Por tanto, debemos decir de antemano que se trata l\u00f3gicamente de un producto destinado a propietarios de\u00a0autoconsumos fotovoltaicos\u00a0exclusivamente. Tu vivienda debe disponer de un tejado susceptible de ser explotado por fotovoltaica (orientaci\u00f3n, espacio disponible en cubierta, etc., ) e instalar el sistema fotovoltaico de rigor.<\/strong><\/span><\/h3>\n<h3><span style=\"color: #ffffff;\"><strong>Aunque no siempre, y es que adem\u00e1s de poder contratar la bater\u00eda virtual para la vivienda que dispone de placas solares, tambi\u00e9n existe habitualmente la posibilidad de contratar este servicio\u00a0en una segunda vivienda.<\/strong><\/span><\/h3>\n<h3><span style=\"color: #ffffff;\"><strong>Algo que ya abre de entrada una posibilidad interesante, ya que implica que el dinero acumulado en la bater\u00eda lo podr\u00edas compensar tambi\u00e9n en el consumo de un\u00a0inmueble que carece de estas placas. Podr\u00edas tener, por citar un ejemplo, placas en una vivienda unifamiliar rural que dispone de buena cubierta para la producci\u00f3n fotovoltaica, y compensar tanto en ella como en tu piso en la ciudad.<\/strong><\/span><\/h3>\n<h3><span style=\"color: #ffffff;\"><strong>Para acceder a la bater\u00eda virtual debes\u00a0contactar con una comercializadora\u00a0que ofrezca este producto. Hay ya unas cuantas en el mercado: Pr\u00f3xima Energ\u00eda, Ignis, Cambio Energ\u00e9tico y\u00a0 Alumbra energ\u00eda, etc&#8230;<\/strong><\/span><\/h3>\n<h3><span style=\"color: #ffffff;\"><strong>\u00bfC\u00f3mo funciona una bater\u00eda virtual?<\/strong><\/span><\/h3>\n<h3><span style=\"color: #ffffff;\"><strong>Huelga decir que no estamos realmente ante una bater\u00eda, la denominaci\u00f3n de \u00abbater\u00eda virtual\u00bb no es m\u00e1s que un t\u00e9rmino de marketing. Lo que en realidad ofrecen estas bater\u00edas virtuales es la compra de tus excedentes quedando \u00e9stos \u00abguardados\u00bb. De modo que, si un mes tienes saldo negativo, puedes usar esta especie de hucha en tus siguientes facturas.<\/strong><\/span><\/h3>\n<h3><span style=\"color: #ffffff;\"><strong>Como estos excedentes se pagan al\u00a0precio indexado de mercado\u00a0y adem\u00e1s se pueden\u00a0guardar de un mes a otro\u2026 efectivamente, existe la posibilidad de obtener una rentabilidad m\u00e1s alta que recurriendo a la compensaci\u00f3n simplificada de excedentes.<\/strong><\/span><\/h3>\n<h3><span style=\"color: #ffffff;\"><strong>Recuerda que si bien la compensaci\u00f3n simplificada de excedentes es un buen mecanismo para aumentar la rentabilidad de las instalaciones solares fotovoltaicas que vierten excedentes a red, dicha compensaci\u00f3n es mensual y no acumulable.<\/strong><\/span><\/h3>\n<h3><span style=\"color: #ffffff;\"><strong>Por lo dem\u00e1s, lo normal es que, por recurrir a este servicio, la comercializadora te cobre una\u00a0cuota fija al mes\u00a0en concepto de gastos de gesti\u00f3n. Costes que si bien no suelen ser elevados, se a\u00f1aden a los costes fijos de la factura el\u00e9ctrica.<\/strong><\/span><\/h3>\n<p>[\/et_pb_text][\/et_pb_column][\/et_pb_row][\/et_pb_section][et_pb_section fb_built=\u00bb1&#8243; make_equal=\u00bbon\u00bb use_custom_gutter=\u00bbon\u00bb specialty=\u00bbon\u00bb background_repeat_1=\u00bbno-repeat\u00bb background_repeat_2=\u00bbno-repeat\u00bb background_position_1=\u00bbtop_left\u00bb background_position_2=\u00bbtop_left\u00bb _builder_version=\u00bb4.16&#8243; background_color=\u00bb#757575&#8243; background_image=\u00bbhttp:\/\/europhoneatm.com\/wp-content\/uploads\/2017\/06\/europhone-telecomunicaciones-08.jpg\u00bb inner_module_alignment=\u00bbcenter\u00bb global_colors_info=\u00bb{}\u00bb][et_pb_column type=\u00bb1_2&#8243; _builder_version=\u00bb4.16&#8243; custom_padding=\u00bb|||\u00bb global_colors_info=\u00bb{}\u00bb custom_padding__hover=\u00bb|||\u00bb][et_pb_text admin_label=\u00bbCOMPROMETIDOS CON NUESTROS CLIENTES\u00bb _builder_version=\u00bb4.20.4&#8243; text_font_size=\u00bb26&#8243; custom_margin=\u00bb0px||0px|\u00bb custom_padding=\u00bb0px||0px|||\u00bb text_font_size_tablet=\u00bb24&#8243; text_font_size_phone=\u00bb22&#8243; text_font_size_last_edited=\u00bbon|desktop\u00bb global_colors_info=\u00bb{}\u00bb]<\/p>\n<h3>Vamos a por\u00a0 0\u20ac en nuestra Factura de Luz<\/h3>\n<p>[\/et_pb_text][\/et_pb_column][et_pb_column type=\u00bb1_2&#8243; specialty_columns=\u00bb2&#8243; _builder_version=\u00bb4.16&#8243; custom_padding=\u00bb|||\u00bb global_colors_info=\u00bb{}\u00bb custom_padding__hover=\u00bb|||\u00bb][et_pb_row_inner column_structure=\u00bb1_2,1_2&#8243; admin_label=\u00bbFila\u00bb _builder_version=\u00bb4.16&#8243; global_colors_info=\u00bb{}\u00bb][et_pb_column_inner type=\u00bb1_2&#8243; saved_specialty_column_type=\u00bb1_2&#8243; _builder_version=\u00bb4.16&#8243; custom_padding=\u00bb|||\u00bb global_colors_info=\u00bb{}\u00bb custom_padding__hover=\u00bb|||\u00bb][et_pb_blurb title=\u00bbSobre Precio Indexado\u00bb use_icon=\u00bbon\u00bb font_icon=\u00bb&#x52;||divi||400&#8243; icon_color=\u00bb#8aced7&#8243; icon_placement=\u00bbleft\u00bb image_icon_width=\u00bb35px\u00bb admin_label=\u00bbPlantilla estable y experta\u00bb _builder_version=\u00bb4.20.4&#8243; header_text_color=\u00bb#8aced7&#8243; header_font_size=\u00bb20&#8243; background_size=\u00bbinitial\u00bb background_position=\u00bbtop_left\u00bb background_repeat=\u00bbrepeat\u00bb text_orientation=\u00bbcenter\u00bb icon_font_size=\u00bb35px\u00bb global_colors_info=\u00bb{}\u00bb][\/et_pb_blurb][\/et_pb_column_inner][et_pb_column_inner type=\u00bb1_2&#8243; saved_specialty_column_type=\u00bb1_2&#8243; _builder_version=\u00bb4.16&#8243; custom_padding=\u00bb|||\u00bb global_colors_info=\u00bb{}\u00bb custom_padding__hover=\u00bb|||\u00bb][et_pb_blurb title=\u00bbTodo tu sobrante queda almacenado\u00bb use_icon=\u00bbon\u00bb font_icon=\u00bb&#x52;||divi||400&#8243; icon_color=\u00bb#8aced7&#8243; icon_placement=\u00bbleft\u00bb image_icon_width=\u00bb35px\u00bb admin_label=\u00bbMejora continua de la calidad\u00bb _builder_version=\u00bb4.20.4&#8243; header_text_color=\u00bb#8aced7&#8243; header_font_size=\u00bb20&#8243; background_size=\u00bbinitial\u00bb background_position=\u00bbtop_left\u00bb background_repeat=\u00bbrepeat\u00bb text_orientation=\u00bbcenter\u00bb icon_font_size=\u00bb35px\u00bb global_colors_info=\u00bb{}\u00bb][\/et_pb_blurb][\/et_pb_column_inner][\/et_pb_row_inner][et_pb_row_inner column_structure=\u00bb1_2,1_2&#8243; admin_label=\u00bbFila\u00bb _builder_version=\u00bb4.16&#8243; global_colors_info=\u00bb{}\u00bb][et_pb_column_inner type=\u00bb1_2&#8243; saved_specialty_column_type=\u00bb1_2&#8243; _builder_version=\u00bb4.16&#8243; custom_padding=\u00bb|||\u00bb global_colors_info=\u00bb{}\u00bb custom_padding__hover=\u00bb|||\u00bb][et_pb_blurb title=\u00bbUtiliza tu energ\u00eda en tu segunda Vivienda\u00bb use_icon=\u00bbon\u00bb font_icon=\u00bb&#x52;||divi||400&#8243; icon_color=\u00bb#8aced7&#8243; icon_placement=\u00bbleft\u00bb image_icon_width=\u00bb35px\u00bb admin_label=\u00bbConocimientos so\u0301lidos y experiencia\u00bb _builder_version=\u00bb4.20.4&#8243; header_text_color=\u00bb#8aced7&#8243; header_font_size=\u00bb20&#8243; background_size=\u00bbinitial\u00bb background_position=\u00bbtop_left\u00bb background_repeat=\u00bbrepeat\u00bb text_orientation=\u00bbcenter\u00bb icon_font_size=\u00bb35px\u00bb global_colors_info=\u00bb{}\u00bb][\/et_pb_blurb][\/et_pb_column_inner][et_pb_column_inner type=\u00bb1_2&#8243; saved_specialty_column_type=\u00bb1_2&#8243; _builder_version=\u00bb4.16&#8243; custom_padding=\u00bb|||\u00bb global_colors_info=\u00bb{}\u00bb custom_padding__hover=\u00bb|||\u00bb][et_pb_blurb title=\u00bbNo tiene tiempo de caducidad.\u00bb use_icon=\u00bbon\u00bb font_icon=\u00bb&#x52;||divi||400&#8243; icon_color=\u00bb#8aced7&#8243; icon_placement=\u00bbleft\u00bb image_icon_width=\u00bb35px\u00bb admin_label=\u00bbExcelentes tiempos de respuesta\u00bb _builder_version=\u00bb4.20.4&#8243; header_text_color=\u00bb#8aced7&#8243; header_font_size=\u00bb20&#8243; background_size=\u00bbinitial\u00bb background_position=\u00bbtop_left\u00bb background_repeat=\u00bbrepeat\u00bb text_orientation=\u00bbcenter\u00bb icon_font_size=\u00bb35px\u00bb global_colors_info=\u00bb{}\u00bb][\/et_pb_blurb][\/et_pb_column_inner][\/et_pb_row_inner][\/et_pb_column][\/et_pb_section][et_pb_section fb_built=\u00bb1&#8243; _builder_version=\u00bb4.16&#8243; background_image=\u00bbhttp:\/\/europhoneatm.com\/wp-content\/uploads\/2017\/06\/contacto.jpg\u00bb parallax=\u00bbon\u00bb global_colors_info=\u00bb{}\u00bb][et_pb_row _builder_version=\u00bb4.16&#8243; background_size=\u00bbinitial\u00bb background_position=\u00bbtop_left\u00bb background_repeat=\u00bbrepeat\u00bb global_colors_info=\u00bb{}\u00bb][et_pb_column type=\u00bb4_4&#8243; _builder_version=\u00bb4.16&#8243; custom_padding=\u00bb|||\u00bb global_colors_info=\u00bb{}\u00bb custom_padding__hover=\u00bb|||\u00bb][et_pb_text admin_label=\u00bbCU\u00c9NTENOS SU PROYECTO\u00bb _builder_version=\u00bb4.16&#8243; text_font=\u00bbSource Sans Pro|on|||\u00bb text_text_color=\u00bb#e6e25d\u00bb text_font_size=\u00bb50&#8243; text_line_height=\u00bb1.8em\u00bb text_orientation=\u00bbcenter\u00bb module_alignment=\u00bbcenter\u00bb custom_padding=\u00bb||22px\u00bb text_font_size_tablet=\u00bb40&#8243; text_font_size_phone=\u00bb30&#8243; text_font_size_last_edited=\u00bbon|phone\u00bb global_colors_info=\u00bb{}\u00bb]<\/p>\n<h3><span style=\"color: #999999;\">CU\u00c9NTENOS SU PROYECTO<\/span><\/h3>\n<p><span style=\"color: #999999;\"><\/span><\/p>\n<p>[\/et_pb_text][et_pb_button button_url=\u00bbhttps:\/\/www.mtenergia.es\/index.php\/contacto\/\u00bb url_new_window=\u00bbon\u00bb button_text=\u00bbContacto\u00bb button_alignment=\u00bbcenter\u00bb admin_label=\u00bbBoton de contacto\u00bb _builder_version=\u00bb4.20.4&#8243; custom_button=\u00bbon\u00bb button_text_size=\u00bb22px\u00bb button_text_color=\u00bb#474747&#8243; button_bg_color=\u00bb#ffe8cc\u00bb button_font=\u00bb||||||||\u00bb custom_margin=\u00bb-33px||\u00bb animation_style=\u00bbbounce\u00bb hover_enabled=\u00bb0&#8243; locked=\u00bboff\u00bb global_colors_info=\u00bb{}\u00bb sticky_enabled=\u00bb0&#8243;][\/et_pb_button][et_pb_text admin_label=\u00bbConf\u00ede en verdaderos profesionales,\u00bb _builder_version=\u00bb4.16&#8243; text_font_size=\u00bb35&#8243; text_line_height=\u00bb1.8em\u00bb header_text_color=\u00bb#e6e25d\u00bb text_orientation=\u00bbcenter\u00bb background_layout=\u00bbdark\u00bb module_alignment=\u00bbcenter\u00bb custom_margin=\u00bb0px||0px|\u00bb custom_padding=\u00bb0px||0px|\u00bb text_font_size_tablet=\u00bb30&#8243; text_font_size_phone=\u00bb25&#8243; text_font_size_last_edited=\u00bbon|phone\u00bb global_colors_info=\u00bb{}\u00bb]<\/p>\n<h4>Conf\u00ede en verdaderos profesionales,<br \/> nosotros nos encargamos de todo.<\/h4>\n<p>[\/et_pb_text][\/et_pb_column][\/et_pb_row][\/et_pb_section]<\/p>\n","protected":false},"excerpt":{"rendered":"<p>BATERIA VIRTUALContrata una de nuestras Baterias Virtuales y empieza a ahorrar.EMPIEZA A GENERAR TU PROPIA ENERGIABATERIA VIRTUAL, UNA MODALIDAD PARA CONSEGUIR EL COSTE 0\u20acPROXIMA ENERG\u00cdAIGNISALUMBRA ENERGIACAMBIO ENERG\u00c9TICOEl objeto de las denominadas como bater\u00eda virtual no es otro que deducir de tu factura el\u00e9ctrica los excedentes generados por fotovoltaica. Por tanto, debemos decir de antemano que [&hellip;]<\/p>\n","protected":false},"author":1,"featured_media":0,"parent":0,"menu_order":0,"comment_status":"closed","ping_status":"closed","template":"","meta":{"_et_pb_use_builder":"on","_et_pb_old_content":"<p>This is an example page. It's different from a blog post because it will stay in one place and will show up in your site navigation (in most themes). Most people start with an About page that introduces them to potential site visitors. It might say something like this:<\/p><blockquote><p>Hi there! I'm a bike messenger by day, aspiring actor by night, and this is my website. I live in Los Angeles, have a great dog named Jack, and I like pi\u00f1a coladas. (And gettin' caught in the rain.)<\/p><\/blockquote><p>...or something like this:<\/p><blockquote><p>The XYZ Doohickey Company was founded in 1971, and has been providing quality doohickeys to the public ever since. Located in Gotham City, XYZ employs over 2,000 people and does all kinds of awesome things for the Gotham community.<\/p><\/blockquote><p>As a new WordPress user, you should go to <a href=\"http:\/\/europhoneatm.com\/wp-admin\/\">your dashboard<\/a> to delete this page and create new pages for your content. Have fun!<\/p>","_et_gb_content_width":""},"_links":{"self":[{"href":"http:\/\/www.mtenergia.es\/index.php\/wp-json\/wp\/v2\/pages\/1395"}],"collection":[{"href":"http:\/\/www.mtenergia.es\/index.php\/wp-json\/wp\/v2\/pages"}],"about":[{"href":"http:\/\/www.mtenergia.es\/index.php\/wp-json\/wp\/v2\/types\/page"}],"author":[{"embeddable":true,"href":"http:\/\/www.mtenergia.es\/index.php\/wp-json\/wp\/v2\/users\/1"}],"replies":[{"embeddable":true,"href":"http:\/\/www.mtenergia.es\/index.php\/wp-json\/wp\/v2\/comments?post=1395"}],"version-history":[{"count":5,"href":"http:\/\/www.mtenergia.es\/index.php\/wp-json\/wp\/v2\/pages\/1395\/revisions"}],"predecessor-version":[{"id":1843,"href":"http:\/\/www.mtenergia.es\/index.php\/wp-json\/wp\/v2\/pages\/1395\/revisions\/1843"}],"wp:attachment":[{"href":"http:\/\/www.mtenergia.es\/index.php\/wp-json\/wp\/v2\/media?parent=1395"}],"curies":[{"name":"wp","href":"https:\/\/api.w.org\/{rel}","templated":true}]}}